{"id":57,"date":"2015-10-14T16:05:02","date_gmt":"2015-10-14T14:05:02","guid":{"rendered":"http:\/\/grantourdellecolline.rucola.hiho.it\/?page_id=57"},"modified":"2026-01-12T22:33:42","modified_gmt":"2026-01-12T21:33:42","slug":"premi","status":"publish","type":"page","link":"https:\/\/www.grantourdellecolline.it\/it\/premi\/","title":{"rendered":"Premi"},"content":{"rendered":"<p><\/p>\n<h2><span style=\"color: #ff0000;\">313 PREMI + 2100,00 US$<\/span><\/h2>\n<p><strong><em><u>Premi per il Circuito<\/u><\/em><\/strong><em><u>:<\/u><\/em><\/p>\n<p>Il premio Migliore Autore sar\u00e0 assegnato a quell\u2019autore che abbia ottenuto il maggiore numero di opere accettate. In caso di parit\u00e0 vale il punteggio totale ottenuto dalle opere accettate. In caso di ulteriore parit\u00e0 varr\u00e0 il numero dei premi ottenuti dalle opere accettate.<\/p>\n<p>Migliore Autore in Assoluto del Circuito: Trofeo e Rimborso Spese di 500,00 US$ in buoni acquisto Amazon.<\/p>\n<p><strong><em><u>Premi per ogni Concorso<\/u><\/em><\/strong><em><u>:<\/u><\/em><\/p>\n<p>Migliore Autore del Concorso: FIAP PIN e Rimborso Spese di 200,00 US$ in buoni acquisto Amazon.<\/p>\n<p>Migliore Foto del Concorso: Trofeo e Rimborso Spese di 200,00 US$ in buoni acquisto Amazon.<\/p>\n<p>Migliore Foto di ogni Tema: Medaglia Oro FIAP<\/p>\n<p><strong><em><u>Premi per ogni Tema per ogni concorso<\/u><\/em><\/strong><em><u>:<\/u><\/em><\/p>\n<p>TUTTE LE MEDAGLIE SARANNO \u201cINCISE\u201d CON IL NOME DELL\u2019AUTORE.<\/p>\n<p>&nbsp;<\/p>\n<p><strong><em><u>Tema Libero Monocromatico<\/u><\/em><\/strong><\/p>\n<p>1 Medaglia d\u2019Oro (GPU)<\/p>\n<p>1 Medaglia d\u2019Argento (GPU)<\/p>\n<p>1 Medaglia di Bronzo (GPU)<\/p>\n<p>3 Premi Speciali Giuria (Diploma FIAF)<\/p>\n<p>12 Menzioni d\u2019Onore (HM Ribbon: 9 FIAP; 3 GPU)<\/p>\n<p>&nbsp;<\/p>\n<p><strong><em><u>Tema Libero Colore<\/u><\/em><\/strong><\/p>\n<p>1 Medaglie d\u2019Oro (Gran Tour)<\/p>\n<p>1 Medaglia d\u2019Argento (Gran Tour)<\/p>\n<p>1 Medaglia di Bronzo (Gran Tour)<\/p>\n<p>3 Premi Speciali Giuria (Diploma FIAF)<\/p>\n<p>12 Menzioni d\u2019Onore (HM Ribbon: 9 FIAP; 3 GPU)<\/p>\n<p>&nbsp;<\/p>\n<p><strong><em><u>Tema Streetphoto<\/u><\/em><\/strong><u> (Colore\/Bianconero)<\/u><\/p>\n<p>1 Medaglie d\u2019Oro (Gran Tour)<\/p>\n<p>1 Medaglia d\u2019Argento (Gran Tour)<\/p>\n<p>1 Medaglia di Bronzo (Gran Tour)<\/p>\n<p>3 Premi Speciali Giuria (Diploma ISF)<\/p>\n<p>12 Menzioni d\u2019Onore (HM Ribbon: 9 FIAP; 3 GPU)<\/p>\n<p>&nbsp;<\/p>\n<p><strong><em><u>Tema <\/u><\/em><\/strong><strong>Ritratto e Figura Ambientata <\/strong><u>(Colore\/Bianconero)<\/u><\/p>\n<p>1 Medaglie d\u2019Oro (ISF)<\/p>\n<p>1 Medaglia d\u2019Argento (ISF)<\/p>\n<p>1 Medaglia di Bronzo (ISF)<\/p>\n<p>3 Premi Speciali Giuria (Diploma ISF)<\/p>\n<p>12 Menzioni d\u2019Onore (HM Ribbon: 12 FIAP)<\/p>\n<p><strong><em>Per un totale di 313 Premi e 2100,00 $ in Buoni Amazon<\/em><\/strong><\/p>","protected":false},"excerpt":{"rendered":"<p>313 PREMI + 2100,00 US$ Premi per il Circuito: Il premio Migliore Autore sar\u00e0 assegnato a quell\u2019autore che abbia ottenuto il maggiore numero di opere accettate. In caso di parit\u00e0 vale il punteggio totale ottenuto dalle opere accettate. In caso<\/p>\n","protected":false},"author":3,"featured_media":0,"parent":0,"menu_order":0,"comment_status":"closed","ping_status":"closed","template":"","meta":{"footnotes":""},"class_list":["post-57","page","type-page","status-publish","hentry"],"yoast_head":"<!-- This site is optimized with the Yoast SEO plugin v27.4 - https:\/\/yoast.com\/product\/yoast-seo-wordpress\/ -->\n<title>Premi &#8211; Gran Tour delle Colline<\/title>\n<meta name=\"description\" content=\"313 PREMI + 2100,00 US$ Premi per il Circuito: Il premio Migliore Autore sar\u00e0 assegnato a quell\u2019autore che abbia ottenuto il maggiore numero di opere\" \/>\n<meta name=\"robots\" content=\"index, follow, max-snippet:-1, max-image-preview:large, max-video-preview:-1\" \/>\n<link rel=\"canonical\" href=\"https:\/\/www.grantourdellecolline.it\/it\/premi\/\" \/>\n<meta property=\"og:locale\" content=\"it_IT\" \/>\n<meta property=\"og:type\" content=\"article\" \/>\n<meta property=\"og:title\" content=\"Premi &#8211; Gran Tour delle Colline\" \/>\n<meta property=\"og:description\" content=\"313 PREMI + 2100,00 US$ Premi per il Circuito: Il premio Migliore Autore sar\u00e0 assegnato a quell\u2019autore che abbia ottenuto il maggiore numero di opere\" \/>\n<meta property=\"og:url\" content=\"https:\/\/www.grantourdellecolline.it\/it\/premi\/\" \/>\n<meta property=\"og:site_name\" content=\"Gran Tour delle Colline\" \/>\n<meta property=\"article:modified_time\" content=\"2026-01-12T21:33:42+00:00\" \/>\n<meta property=\"og:image\" content=\"https:\/\/www.grantourdellecolline.it\/wp-content\/uploads\/2017\/11\/gran-tour-delle-colline.png\" \/>\n\t<meta property=\"og:image:width\" content=\"1758\" \/>\n\t<meta property=\"og:image:height\" content=\"1005\" \/>\n\t<meta property=\"og:image:type\" content=\"image\/png\" \/>\n<meta name=\"twitter:card\" content=\"summary_large_image\" \/>\n<meta name=\"twitter:label1\" content=\"Tempo di lettura stimato\" \/>\n\t<meta name=\"twitter:data1\" content=\"2 minuti\" \/>\n<script type=\"application\/ld+json\" class=\"yoast-schema-graph\">{\"@context\":\"https:\\\/\\\/schema.org\",\"@graph\":[{\"@type\":\"WebPage\",\"@id\":\"https:\\\/\\\/www.grantourdellecolline.it\\\/it\\\/premi\\\/\",\"url\":\"https:\\\/\\\/www.grantourdellecolline.it\\\/it\\\/premi\\\/\",\"name\":\"Premi &#8211; Gran Tour delle Colline\",\"isPartOf\":{\"@id\":\"https:\\\/\\\/www.grantourdellecolline.it\\\/en\\\/#website\"},\"datePublished\":\"2015-10-14T14:05:02+00:00\",\"dateModified\":\"2026-01-12T21:33:42+00:00\",\"description\":\"313 PREMI + 2100,00 US$ Premi per il Circuito: Il premio Migliore Autore sar\u00e0 assegnato a quell\u2019autore che abbia ottenuto il maggiore numero di opere\",\"breadcrumb\":{\"@id\":\"https:\\\/\\\/www.grantourdellecolline.it\\\/it\\\/premi\\\/#breadcrumb\"},\"inLanguage\":\"it-IT\",\"potentialAction\":[{\"@type\":\"ReadAction\",\"target\":[\"https:\\\/\\\/www.grantourdellecolline.it\\\/it\\\/premi\\\/\"]}]},{\"@type\":\"BreadcrumbList\",\"@id\":\"https:\\\/\\\/www.grantourdellecolline.it\\\/it\\\/premi\\\/#breadcrumb\",\"itemListElement\":[{\"@type\":\"ListItem\",\"position\":1,\"name\":\"Home\",\"item\":\"https:\\\/\\\/www.grantourdellecolline.it\\\/en\\\/\"},{\"@type\":\"ListItem\",\"position\":2,\"name\":\"Premi\"}]},{\"@type\":\"WebSite\",\"@id\":\"https:\\\/\\\/www.grantourdellecolline.it\\\/en\\\/#website\",\"url\":\"https:\\\/\\\/www.grantourdellecolline.it\\\/en\\\/\",\"name\":\"Gran Tour delle Colline\",\"description\":\"\",\"publisher\":{\"@id\":\"https:\\\/\\\/www.grantourdellecolline.it\\\/en\\\/#organization\"},\"potentialAction\":[{\"@type\":\"SearchAction\",\"target\":{\"@type\":\"EntryPoint\",\"urlTemplate\":\"https:\\\/\\\/www.grantourdellecolline.it\\\/en\\\/?s={search_term_string}\"},\"query-input\":{\"@type\":\"PropertyValueSpecification\",\"valueRequired\":true,\"valueName\":\"search_term_string\"}}],\"inLanguage\":\"it-IT\"},{\"@type\":\"Organization\",\"@id\":\"https:\\\/\\\/www.grantourdellecolline.it\\\/en\\\/#organization\",\"name\":\"Gran Tour delle Colline\",\"url\":\"https:\\\/\\\/www.grantourdellecolline.it\\\/en\\\/\",\"logo\":{\"@type\":\"ImageObject\",\"inLanguage\":\"it-IT\",\"@id\":\"https:\\\/\\\/www.grantourdellecolline.it\\\/en\\\/#\\\/schema\\\/logo\\\/image\\\/\",\"url\":\"https:\\\/\\\/www.grantourdellecolline.it\\\/wp-content\\\/uploads\\\/2015\\\/10\\\/grantourdellecolline-sharing.png\",\"contentUrl\":\"https:\\\/\\\/www.grantourdellecolline.it\\\/wp-content\\\/uploads\\\/2015\\\/10\\\/grantourdellecolline-sharing.png\",\"width\":600,\"height\":316,\"caption\":\"Gran Tour delle Colline\"},\"image\":{\"@id\":\"https:\\\/\\\/www.grantourdellecolline.it\\\/en\\\/#\\\/schema\\\/logo\\\/image\\\/\"}}]}<\/script>\n<!-- \/ Yoast SEO plugin. -->","yoast_head_json":{"title":"Premi &#8211; Gran Tour delle Colline","description":"313 PREMI + 2100,00 US$ Premi per il Circuito: Il premio Migliore Autore sar\u00e0 assegnato a quell\u2019autore che abbia ottenuto il maggiore numero di opere","robots":{"index":"index","follow":"follow","max-snippet":"max-snippet:-1","max-image-preview":"max-image-preview:large","max-video-preview":"max-video-preview:-1"},"canonical":"https:\/\/www.grantourdellecolline.it\/it\/premi\/","og_locale":"it_IT","og_type":"article","og_title":"Premi &#8211; Gran Tour delle Colline","og_description":"313 PREMI + 2100,00 US$ Premi per il Circuito: Il premio Migliore Autore sar\u00e0 assegnato a quell\u2019autore che abbia ottenuto il maggiore numero di opere","og_url":"https:\/\/www.grantourdellecolline.it\/it\/premi\/","og_site_name":"Gran Tour delle Colline","article_modified_time":"2026-01-12T21:33:42+00:00","og_image":[{"width":1758,"height":1005,"url":"https:\/\/www.grantourdellecolline.it\/wp-content\/uploads\/2017\/11\/gran-tour-delle-colline.png","type":"image\/png"}],"twitter_card":"summary_large_image","twitter_misc":{"Tempo di lettura stimato":"2 minuti"},"schema":{"@context":"https:\/\/schema.org","@graph":[{"@type":"WebPage","@id":"https:\/\/www.grantourdellecolline.it\/it\/premi\/","url":"https:\/\/www.grantourdellecolline.it\/it\/premi\/","name":"Premi &#8211; Gran Tour delle Colline","isPartOf":{"@id":"https:\/\/www.grantourdellecolline.it\/en\/#website"},"datePublished":"2015-10-14T14:05:02+00:00","dateModified":"2026-01-12T21:33:42+00:00","description":"313 PREMI + 2100,00 US$ Premi per il Circuito: Il premio Migliore Autore sar\u00e0 assegnato a quell\u2019autore che abbia ottenuto il maggiore numero di opere","breadcrumb":{"@id":"https:\/\/www.grantourdellecolline.it\/it\/premi\/#breadcrumb"},"inLanguage":"it-IT","potentialAction":[{"@type":"ReadAction","target":["https:\/\/www.grantourdellecolline.it\/it\/premi\/"]}]},{"@type":"BreadcrumbList","@id":"https:\/\/www.grantourdellecolline.it\/it\/premi\/#breadcrumb","itemListElement":[{"@type":"ListItem","position":1,"name":"Home","item":"https:\/\/www.grantourdellecolline.it\/en\/"},{"@type":"ListItem","position":2,"name":"Premi"}]},{"@type":"WebSite","@id":"https:\/\/www.grantourdellecolline.it\/en\/#website","url":"https:\/\/www.grantourdellecolline.it\/en\/","name":"Gran Tour delle Colline","description":"","publisher":{"@id":"https:\/\/www.grantourdellecolline.it\/en\/#organization"},"potentialAction":[{"@type":"SearchAction","target":{"@type":"EntryPoint","urlTemplate":"https:\/\/www.grantourdellecolline.it\/en\/?s={search_term_string}"},"query-input":{"@type":"PropertyValueSpecification","valueRequired":true,"valueName":"search_term_string"}}],"inLanguage":"it-IT"},{"@type":"Organization","@id":"https:\/\/www.grantourdellecolline.it\/en\/#organization","name":"Gran Tour delle Colline","url":"https:\/\/www.grantourdellecolline.it\/en\/","logo":{"@type":"ImageObject","inLanguage":"it-IT","@id":"https:\/\/www.grantourdellecolline.it\/en\/#\/schema\/logo\/image\/","url":"https:\/\/www.grantourdellecolline.it\/wp-content\/uploads\/2015\/10\/grantourdellecolline-sharing.png","contentUrl":"https:\/\/www.grantourdellecolline.it\/wp-content\/uploads\/2015\/10\/grantourdellecolline-sharing.png","width":600,"height":316,"caption":"Gran Tour delle Colline"},"image":{"@id":"https:\/\/www.grantourdellecolline.it\/en\/#\/schema\/logo\/image\/"}}]}},"jetpack_sharing_enabled":true,"_links":{"self":[{"href":"https:\/\/www.grantourdellecolline.it\/it\/wp-json\/wp\/v2\/pages\/57","targetHints":{"allow":["GET"]}}],"collection":[{"href":"https:\/\/www.grantourdellecolline.it\/it\/wp-json\/wp\/v2\/pages"}],"about":[{"href":"https:\/\/www.grantourdellecolline.it\/it\/wp-json\/wp\/v2\/types\/page"}],"author":[{"embeddable":true,"href":"https:\/\/www.grantourdellecolline.it\/it\/wp-json\/wp\/v2\/users\/3"}],"replies":[{"embeddable":true,"href":"https:\/\/www.grantourdellecolline.it\/it\/wp-json\/wp\/v2\/comments?post=57"}],"version-history":[{"count":2,"href":"https:\/\/www.grantourdellecolline.it\/it\/wp-json\/wp\/v2\/pages\/57\/revisions"}],"predecessor-version":[{"id":1695,"href":"https:\/\/www.grantourdellecolline.it\/it\/wp-json\/wp\/v2\/pages\/57\/revisions\/1695"}],"wp:attachment":[{"href":"https:\/\/www.grantourdellecolline.it\/it\/wp-json\/wp\/v2\/media?parent=57"}],"curies":[{"name":"wp","href":"https:\/\/api.w.org\/{rel}","templated":true}]}}