{"id":41,"date":"2015-10-13T17:03:43","date_gmt":"2015-10-13T15:03:43","guid":{"rendered":"http:\/\/grantourdellecolline.rucola.hiho.it\/?page_id=41"},"modified":"2015-10-13T17:10:25","modified_gmt":"2015-10-13T15:10:25","slug":"informativa-privacy","status":"publish","type":"page","link":"https:\/\/www.grantourdellecolline.it\/it\/privacy-policy\/","title":{"rendered":"Privacy Policy"},"content":{"rendered":"<p><strong>Informativa D.Lgs. 196\/2003 per il trattamento di dati personali<\/strong><\/p>\n<p style=\"text-align: justify;\">Ai sensi del D.Lgs. 196\/2003 che prevede la tutela delle persone e di altri soggetti rispetto al trattamento dei dati personali, l&#8217;associazione Gran Tour delle Colline informa che tale trattamento sar\u00e0 improntato ai principi di correttezza, liceit\u00e0 e trasparenza e tutelando la Sua riservatezza e i Suoi diritti.<\/p>\n<p>Le forniamo quindi le seguenti informazioni.<\/p>\n<p style=\"text-align: justify;\">\u00b7 I dati verranno trattati per finalit\u00e0 istituzionali, connesse o strumentali al Servizio che Gran Tour delle Colline offre sul presente sito, e pi\u00f9 in particolare:<\/p>\n<p style=\"text-align: justify;\">1. per dare esecuzione al Servizio o ad una o pi\u00f9 operazioni contrattualmente convenute, per la proposta di estensione del Servizio alle ulteriori prestazioni eventualmente attivate dopo la registrazione;<\/p>\n<p>2. per adempiere ad obblighi di legge;<\/p>\n<p>3. per esigenze di tipo operativo e gestionale interne ad Hiho S.r.l. ed inerenti al Servizio.<\/p>\n<p style=\"text-align: justify;\">4. Oltre a quanto sopra, e comunque strumentalmente all&#8217;attivit\u00e0 principale svolta sul presente sito, Gran Tour delle Colline potr\u00e0 inviare all&#8217;utente inviti ad eventi di varia natura (informativi o promozionali). Il trattamento dei dati dell&#8217;utente per le finalit\u00e0 sopraindicate avr\u00e0 luogo prevalentemente con modalit\u00e0 automatizzate ed informatiche, sempre nel rispetto delle regole di riservatezza e di sicurezza previste dalla legge.<\/p>\n<p style=\"text-align: justify;\">5. per la comunicazione di informazioni commerciali relative a nuove offerte di prodotti e servizi di Gran Tour delle Colline e\/o di Societ\u00e0 con le quali Gran Tour delle Colline abbia stipulato accordi commerciali, per verificare il livello di soddisfazione della clientela su prodotti e servizi.<\/p>\n<p style=\"text-align: justify;\">Il trattamento dei dati sar\u00e0 effettuato mediante strumenti idonei a garantire la sicurezza nonch\u00e9 la riservatezza e potr\u00e0 avvenire anche con modalit\u00e0 automatizzate ed informatiche atte a memorizzare, gestire e trasmettere i dati stessi. I dati saranno conservati presso la sede di Gran Tour delle Colline per i tempi prescritti dalle norme di legge.<\/p>\n<p>I dati non saranno comunicati ad altri soggetti, se non chiedendo espressamente il consenso.<\/p>\n<p style=\"text-align: justify;\">Il conferimento dei dati da parte dell&#8217;Utente \u00e8 facoltativo, comunque l&#8217;eventuale rifiuto ad inserirli nella scheda di registrazione avr\u00e0 come conseguenza il non poter accedere ai servizi offerti dal sito compreso il mancato invio di depliant informativi e opportunit\u00e0 commerciali offerte dai nostri partners e dalle Societ\u00e0 con le quali Hiho S.r.l. abbia stipulato accordi commerciali, oltre alla mancata risposta ai quesiti postici.<\/p>\n<p style=\"text-align: justify;\">Il titolare del trattamento \u00e8 Gran Tour delle Colline, Via della Vetreria, 73 50063 Figline e Incisa Valdarno (Fi) nella persona del Rappresentante Legale .<\/p>\n<p style=\"text-align: justify;\">I dati saranno trattati da parte di dipendenti e\/o professionisti incaricati da Gran Tour delle Colline, i quali svolgono le loro attivit\u00e0 sotto la diretta supervisione e responsabilit\u00e0 di Gran Tour delle Colline stesso.<\/p>\n<p style=\"text-align: justify;\">Al titolare del trattamento Lei potr\u00e0 rivolgersi per far valere i Suoi diritti cos\u00ec come previsti dall&#8217; articolo 13 della legge n. 196\/2003, che per Sua comodit\u00e0 Riproduciamo integralmente:<\/p>\n<p>Diritti dell&#8217;interessato<\/p>\n<p>1. In relazione al trattamento di dati personali l&#8217;interessato ha diritto:<\/p>\n<p style=\"text-align: justify;\">a) di conoscere, mediante accesso gratuito al registro di cui all&#8217;articolo 31, comma 1, lettera a), l&#8217;esistenza di trattamenti di dati che possono riguardarlo;<\/p>\n<p>b) di essere informato su quanto indicato all&#8217;articolo 7, comma 4, lettere a), b ) e h );<\/p>\n<p>c) di ottenere, a cura del titolare o del responsabile, senza ritardo:<\/p>\n<p style=\"text-align: justify;\">1) la conferma dell&#8217;esistenza o meno di dati personali che lo riguardano, anche se non ancora registrati, e la comunicazione in forma intelligibile dei medesimi dati e della loro origine, nonch\u00e8 della logica e delle finalit\u00e0 su cui si basa il trattamento; la richiesta pu\u00f2 essere rinnovata, salva l&#8217;esistenza di giustificati motivi, con intervallo non minore di novanta giorni;<\/p>\n<p>2) la cancellazione, la trasformazione in forma anonima o il blocco dei dati trattati in violazione di legge, compresi quelli di cui non \u00e8 necessaria la conservazione in relazione agli scopi per i quali i dati sono stati raccolti o successivamente trattati;<\/p>\n<p>3) l&#8217;aggiornamento, la rettificazione ovvero, qualora vi abbia interesse, l&#8217;integrazione dei dati;<\/p>\n<p>4) l&#8217;attestazione che le operazioni di cui ai numeri 2) e 3) sono state portate a conoscenza, anche per quanto riguarda il loro contenuto, di coloro ai quali i dati sono stati comunicati o diffusi, eccettuato il caso in cui tale adempimento si riveli impossibile o comporti un impiego di mezzi manifestamente sproporzionato rispetto al diritto tutelato;<\/p>\n<p>d) di opporsi, in tutto o in parte, per motivi legittimi, al trattamento dei dati personali che lo riguardano, ancorch\u00e9 pertinenti allo scopo della raccolta;<\/p>\n<p>e) di opporsi, in tutto o in parte, al trattamento di dati personali che lo riguardano, previsto a fini di informazioni commerciali o di invio di materiale pubblicitario o di vendita diretta ovvero per il compimento di ricerche di mercato o di comunicazione commerciale interattiva e di essere informato dal titolare, non oltre il momento in cui i dati sono comunicati o diffusi, della possibilit\u00e0 di esercitare gratuitamente tale diritto.<\/p>\n<p>2. Per ciascuna richiesta di cui al comma 1, lettera c), numero 1), pu\u00f2 essere chiesto all&#8217;interessato, ove non risulti confermata l&#8217;esistenza di dati che lo riguardano, un contributo spese, non superiore ai costi effettivamente sopportati, secondo le modalit\u00e0 ed entro i limiti stabiliti dal regolamento di cui all&#8217;articolo 33, comma 3.<\/p>\n<p>3. I diritti di cui al comma 1 riferiti ai dati personali concernenti persone decedute possono essere esercitati da chiunque vi abbia interesse.<\/p>\n<p>4. Nell&#8217;esercizio dei diritti di cui al comma 1 l&#8217;interessato pu\u00f2 conferire, per iscritto, delega o procura a persone fisiche o ad associazioni.<\/p>","protected":false},"excerpt":{"rendered":"<p>Informativa D.Lgs. 196\/2003 per il trattamento di dati personali Ai sensi del D.Lgs. 196\/2003 che prevede la tutela delle persone e di altri soggetti rispetto al trattamento dei dati personali, l&#8217;associazione Gran Tour delle Colline informa che tale trattamento sar\u00e0<\/p>\n","protected":false},"author":2,"featured_media":0,"parent":0,"menu_order":0,"comment_status":"closed","ping_status":"closed","template":"","meta":{"footnotes":""},"class_list":["post-41","page","type-page","status-publish","hentry"],"yoast_head":"<!-- This site is optimized with the Yoast SEO plugin v27.4 - https:\/\/yoast.com\/product\/yoast-seo-wordpress\/ -->\n<title>Privacy Policy &#8211; Gran Tour delle Colline<\/title>\n<meta name=\"description\" content=\"Informativa Privacy del sito grantourdellecolline.it.\" \/>\n<meta name=\"robots\" content=\"noindex, follow\" \/>\n<meta property=\"og:locale\" content=\"it_IT\" \/>\n<meta property=\"og:type\" content=\"article\" \/>\n<meta property=\"og:title\" content=\"Privacy Policy &#8211; Gran Tour delle Colline\" \/>\n<meta property=\"og:description\" content=\"Informativa Privacy del sito grantourdellecolline.it.\" \/>\n<meta property=\"og:url\" content=\"https:\/\/www.grantourdellecolline.it\/it\/privacy-policy\/\" \/>\n<meta property=\"og:site_name\" content=\"Gran Tour delle Colline\" \/>\n<meta property=\"article:modified_time\" content=\"2015-10-13T15:10:25+00:00\" \/>\n<meta property=\"og:image\" content=\"https:\/\/www.grantourdellecolline.it\/wp-content\/uploads\/2017\/11\/gran-tour-delle-colline.png\" \/>\n\t<meta property=\"og:image:width\" content=\"1758\" \/>\n\t<meta property=\"og:image:height\" content=\"1005\" \/>\n\t<meta property=\"og:image:type\" content=\"image\/png\" \/>\n<meta name=\"twitter:card\" content=\"summary_large_image\" \/>\n<meta name=\"twitter:label1\" content=\"Tempo di lettura stimato\" \/>\n\t<meta name=\"twitter:data1\" content=\"4 minuti\" \/>\n<script type=\"application\/ld+json\" class=\"yoast-schema-graph\">{\"@context\":\"https:\\\/\\\/schema.org\",\"@graph\":[{\"@type\":\"WebPage\",\"@id\":\"https:\\\/\\\/www.grantourdellecolline.it\\\/it\\\/privacy-policy\\\/\",\"url\":\"https:\\\/\\\/www.grantourdellecolline.it\\\/it\\\/privacy-policy\\\/\",\"name\":\"Privacy Policy &#8211; Gran Tour delle Colline\",\"isPartOf\":{\"@id\":\"https:\\\/\\\/www.grantourdellecolline.it\\\/en\\\/#website\"},\"datePublished\":\"2015-10-13T15:03:43+00:00\",\"dateModified\":\"2015-10-13T15:10:25+00:00\",\"description\":\"Informativa Privacy del sito grantourdellecolline.it.\",\"breadcrumb\":{\"@id\":\"https:\\\/\\\/www.grantourdellecolline.it\\\/it\\\/privacy-policy\\\/#breadcrumb\"},\"inLanguage\":\"it-IT\",\"potentialAction\":[{\"@type\":\"ReadAction\",\"target\":[\"https:\\\/\\\/www.grantourdellecolline.it\\\/it\\\/privacy-policy\\\/\"]}]},{\"@type\":\"BreadcrumbList\",\"@id\":\"https:\\\/\\\/www.grantourdellecolline.it\\\/it\\\/privacy-policy\\\/#breadcrumb\",\"itemListElement\":[{\"@type\":\"ListItem\",\"position\":1,\"name\":\"Home\",\"item\":\"https:\\\/\\\/www.grantourdellecolline.it\\\/en\\\/\"},{\"@type\":\"ListItem\",\"position\":2,\"name\":\"Privacy Policy\"}]},{\"@type\":\"WebSite\",\"@id\":\"https:\\\/\\\/www.grantourdellecolline.it\\\/en\\\/#website\",\"url\":\"https:\\\/\\\/www.grantourdellecolline.it\\\/en\\\/\",\"name\":\"Gran Tour delle Colline\",\"description\":\"\",\"publisher\":{\"@id\":\"https:\\\/\\\/www.grantourdellecolline.it\\\/en\\\/#organization\"},\"potentialAction\":[{\"@type\":\"SearchAction\",\"target\":{\"@type\":\"EntryPoint\",\"urlTemplate\":\"https:\\\/\\\/www.grantourdellecolline.it\\\/en\\\/?s={search_term_string}\"},\"query-input\":{\"@type\":\"PropertyValueSpecification\",\"valueRequired\":true,\"valueName\":\"search_term_string\"}}],\"inLanguage\":\"it-IT\"},{\"@type\":\"Organization\",\"@id\":\"https:\\\/\\\/www.grantourdellecolline.it\\\/en\\\/#organization\",\"name\":\"Gran Tour delle Colline\",\"url\":\"https:\\\/\\\/www.grantourdellecolline.it\\\/en\\\/\",\"logo\":{\"@type\":\"ImageObject\",\"inLanguage\":\"it-IT\",\"@id\":\"https:\\\/\\\/www.grantourdellecolline.it\\\/en\\\/#\\\/schema\\\/logo\\\/image\\\/\",\"url\":\"https:\\\/\\\/www.grantourdellecolline.it\\\/wp-content\\\/uploads\\\/2015\\\/10\\\/grantourdellecolline-sharing.png\",\"contentUrl\":\"https:\\\/\\\/www.grantourdellecolline.it\\\/wp-content\\\/uploads\\\/2015\\\/10\\\/grantourdellecolline-sharing.png\",\"width\":600,\"height\":316,\"caption\":\"Gran Tour delle Colline\"},\"image\":{\"@id\":\"https:\\\/\\\/www.grantourdellecolline.it\\\/en\\\/#\\\/schema\\\/logo\\\/image\\\/\"}}]}<\/script>\n<!-- \/ Yoast SEO plugin. -->","yoast_head_json":{"title":"Privacy Policy &#8211; Gran Tour delle Colline","description":"Informativa Privacy del sito grantourdellecolline.it.","robots":{"index":"noindex","follow":"follow"},"og_locale":"it_IT","og_type":"article","og_title":"Privacy Policy &#8211; Gran Tour delle Colline","og_description":"Informativa Privacy del sito grantourdellecolline.it.","og_url":"https:\/\/www.grantourdellecolline.it\/it\/privacy-policy\/","og_site_name":"Gran Tour delle Colline","article_modified_time":"2015-10-13T15:10:25+00:00","og_image":[{"width":1758,"height":1005,"url":"https:\/\/www.grantourdellecolline.it\/wp-content\/uploads\/2017\/11\/gran-tour-delle-colline.png","type":"image\/png"}],"twitter_card":"summary_large_image","twitter_misc":{"Tempo di lettura stimato":"4 minuti"},"schema":{"@context":"https:\/\/schema.org","@graph":[{"@type":"WebPage","@id":"https:\/\/www.grantourdellecolline.it\/it\/privacy-policy\/","url":"https:\/\/www.grantourdellecolline.it\/it\/privacy-policy\/","name":"Privacy Policy &#8211; Gran Tour delle Colline","isPartOf":{"@id":"https:\/\/www.grantourdellecolline.it\/en\/#website"},"datePublished":"2015-10-13T15:03:43+00:00","dateModified":"2015-10-13T15:10:25+00:00","description":"Informativa Privacy del sito grantourdellecolline.it.","breadcrumb":{"@id":"https:\/\/www.grantourdellecolline.it\/it\/privacy-policy\/#breadcrumb"},"inLanguage":"it-IT","potentialAction":[{"@type":"ReadAction","target":["https:\/\/www.grantourdellecolline.it\/it\/privacy-policy\/"]}]},{"@type":"BreadcrumbList","@id":"https:\/\/www.grantourdellecolline.it\/it\/privacy-policy\/#breadcrumb","itemListElement":[{"@type":"ListItem","position":1,"name":"Home","item":"https:\/\/www.grantourdellecolline.it\/en\/"},{"@type":"ListItem","position":2,"name":"Privacy Policy"}]},{"@type":"WebSite","@id":"https:\/\/www.grantourdellecolline.it\/en\/#website","url":"https:\/\/www.grantourdellecolline.it\/en\/","name":"Gran Tour delle Colline","description":"","publisher":{"@id":"https:\/\/www.grantourdellecolline.it\/en\/#organization"},"potentialAction":[{"@type":"SearchAction","target":{"@type":"EntryPoint","urlTemplate":"https:\/\/www.grantourdellecolline.it\/en\/?s={search_term_string}"},"query-input":{"@type":"PropertyValueSpecification","valueRequired":true,"valueName":"search_term_string"}}],"inLanguage":"it-IT"},{"@type":"Organization","@id":"https:\/\/www.grantourdellecolline.it\/en\/#organization","name":"Gran Tour delle Colline","url":"https:\/\/www.grantourdellecolline.it\/en\/","logo":{"@type":"ImageObject","inLanguage":"it-IT","@id":"https:\/\/www.grantourdellecolline.it\/en\/#\/schema\/logo\/image\/","url":"https:\/\/www.grantourdellecolline.it\/wp-content\/uploads\/2015\/10\/grantourdellecolline-sharing.png","contentUrl":"https:\/\/www.grantourdellecolline.it\/wp-content\/uploads\/2015\/10\/grantourdellecolline-sharing.png","width":600,"height":316,"caption":"Gran Tour delle Colline"},"image":{"@id":"https:\/\/www.grantourdellecolline.it\/en\/#\/schema\/logo\/image\/"}}]}},"jetpack_sharing_enabled":false,"_links":{"self":[{"href":"https:\/\/www.grantourdellecolline.it\/it\/wp-json\/wp\/v2\/pages\/41","targetHints":{"allow":["GET"]}}],"collection":[{"href":"https:\/\/www.grantourdellecolline.it\/it\/wp-json\/wp\/v2\/pages"}],"about":[{"href":"https:\/\/www.grantourdellecolline.it\/it\/wp-json\/wp\/v2\/types\/page"}],"author":[{"embeddable":true,"href":"https:\/\/www.grantourdellecolline.it\/it\/wp-json\/wp\/v2\/users\/2"}],"replies":[{"embeddable":true,"href":"https:\/\/www.grantourdellecolline.it\/it\/wp-json\/wp\/v2\/comments?post=41"}],"version-history":[{"count":2,"href":"https:\/\/www.grantourdellecolline.it\/it\/wp-json\/wp\/v2\/pages\/41\/revisions"}],"predecessor-version":[{"id":43,"href":"https:\/\/www.grantourdellecolline.it\/it\/wp-json\/wp\/v2\/pages\/41\/revisions\/43"}],"wp:attachment":[{"href":"https:\/\/www.grantourdellecolline.it\/it\/wp-json\/wp\/v2\/media?parent=41"}],"curies":[{"name":"wp","href":"https:\/\/api.w.org\/{rel}","templated":true}]}}